{"id":2,"date":"2021-10-26T11:22:41","date_gmt":"2021-10-26T09:22:41","guid":{"rendered":"http:\/\/chapeau.withar.org\/?page_id=2"},"modified":"2023-08-23T18:44:36","modified_gmt":"2023-08-23T16:44:36","slug":"page-d-exemple","status":"publish","type":"page","link":"https:\/\/chapeau.withar.org\/","title":{"rendered":"Bienvenue !"},"content":{"rendered":"<div data-colibri-id=\"2-c1\" class=\"style-226 style-local-2-c1 position-relative\">\n  <!---->\n  <div data-colibri-component=\"section\" data-colibri-id=\"2-c2\" id=\"initial-content\" class=\"h-section h-section-global-spacing d-flex align-items-lg-center align-items-md-center align-items-center style-227 style-local-2-c2 position-relative\">\n    <!---->\n    <!---->\n    <div class=\"h-section-grid-container h-section-boxed-container\">\n      <!---->\n      <div data-colibri-id=\"2-c3\" class=\"h-row-container gutters-row-lg-2 gutters-row-md-2 gutters-row-0 gutters-row-v-lg-2 gutters-row-v-md-2 gutters-row-v-2 style-228 style-local-2-c3 position-relative\">\n        <!---->\n        <div class=\"h-row justify-content-lg-center justify-content-md-center justify-content-center align-items-lg-stretch align-items-md-stretch align-items-stretch gutters-col-lg-2 gutters-col-md-2 gutters-col-0 gutters-col-v-lg-2 gutters-col-v-md-2 gutters-col-v-2\">\n          <!---->\n          <div class=\"h-column h-column-container d-flex h-col-lg-auto h-col-md-auto h-col-auto style-229-outer style-local-2-c4-outer\">\n            <div data-colibri-id=\"2-c4\" class=\"d-flex h-flex-basis h-column__inner h-px-lg-2 h-px-md-2 h-px-2 v-inner-lg-2 v-inner-md-2 v-inner-2 style-229 style-local-2-c4 position-relative\">\n              <!---->\n              <!---->\n              <div class=\"w-100 h-y-container h-column__content h-column__v-align flex-basis-100 align-self-lg-start align-self-md-start align-self-start\">\n                <!---->\n                <div data-colibri-id=\"2-c5\" class=\"style-230 style-local-2-c5 position-relative h-element\">\n                  <!---->\n                  <div>\n                    \n                    <p><span class=\"has-inline-color has-colibri-color-6-color\">L&rsquo;association CHAPEAU aspire \u00e0 cr\u00e9er, mettre en place, am\u00e9nager et g\u00e9rer des lieux \u00e0 activit\u00e9s sociales, artistiques, culturelles.<br><br>Chantiers participatifs, chantiers p\u00e9dagogiques, ateliers, ateliers cr\u00e9atifs, stages,<br>conf\u00e9rences constituent sa bo\u00eete \u00e0 outils.<\/span><\/p>\n                    \n                  <\/div>\n                <\/div>\n              <\/div>\n            <\/div>\n          <\/div>\n          <div class=\"h-column h-column-container d-flex h-col-lg-auto h-col-md-auto h-col-auto style-231-outer style-local-2-c6-outer\">\n            <div data-colibri-id=\"2-c6\" class=\"d-flex h-flex-basis h-column__inner h-px-lg-2 h-px-md-2 h-px-2 v-inner-lg-2 v-inner-md-2 v-inner-2 style-231 style-local-2-c6 position-relative\">\n              <!---->\n              <!---->\n              <div class=\"w-100 h-y-container h-column__content h-column__v-align flex-basis-100 align-self-lg-start align-self-md-start align-self-start\">\n                <!---->\n                <div data-colibri-id=\"2-c7\" class=\"d-block style-232 style-local-2-c7 position-relative h-element\">\n                  <!---->\n                  <div class=\"h-image__frame-container-outer\">\n                    <div class=\"h-image__frame-container\">\n                      <!---->\n                      <!---->\n                      <img loading=\"lazy\" decoding=\"async\" width=\"960\" height=\"720\" src=\"http:\/\/chapeau.withar.org\/wp-content\/uploads\/2021\/11\/agre000.jpg\" class=\"wp-image-297 style-232-image style-local-2-c7-image\" alt=\"\" srcset=\"https:\/\/chapeau.withar.org\/wp-content\/uploads\/2021\/11\/agre000.jpg 960w, https:\/\/chapeau.withar.org\/wp-content\/uploads\/2021\/11\/agre000-300x225.jpg 300w, https:\/\/chapeau.withar.org\/wp-content\/uploads\/2021\/11\/agre000-768x576.jpg 768w\" sizes=\"auto, (max-width: 960px) 100vw, 960px\" \/>\n                      <div class=\"h-image__frame h-hide-lg h-hide-md h-hide-sm style-232-frameImage style-local-2-c7-frameImage\"><\/div>\n                    <\/div>\n                  <\/div>\n                <\/div>\n              <\/div>\n            <\/div>\n          <\/div>\n        <\/div>\n      <\/div>\n    <\/div>\n  <\/div>\n  <div data-colibri-component=\"section\" data-colibri-id=\"2-c8\" id=\"custom\" class=\"h-section h-section-global-spacing d-flex align-items-lg-center align-items-md-center align-items-center style-233 style-local-2-c8 position-relative\">\n    <!---->\n    <!---->\n    <div class=\"h-section-grid-container h-section-boxed-container\">\n      <!---->\n      <div data-colibri-id=\"2-c9\" class=\"h-row-container gutters-row-lg-2 gutters-row-md-2 gutters-row-0 gutters-row-v-lg-2 gutters-row-v-md-2 gutters-row-v-2 style-234 style-local-2-c9 position-relative\">\n        <!---->\n        <div class=\"h-row justify-content-lg-center justify-content-md-center justify-content-center align-items-lg-stretch align-items-md-stretch align-items-stretch gutters-col-lg-2 gutters-col-md-2 gutters-col-0 gutters-col-v-lg-2 gutters-col-v-md-2 gutters-col-v-2\">\n          <!---->\n          <div class=\"h-column h-column-container d-flex h-col-lg-auto h-col-md-auto h-col-auto style-236-outer style-local-2-c10-outer\">\n            <div data-colibri-id=\"2-c10\" class=\"d-flex h-flex-basis h-column__inner h-px-lg-2 h-px-md-2 h-px-2 v-inner-lg-2 v-inner-md-2 v-inner-2 style-236 style-local-2-c10 position-relative\">\n              <!---->\n              <!---->\n              <div class=\"w-100 h-y-container h-column__content h-column__v-align flex-basis-100 align-self-lg-start align-self-md-start align-self-start\">\n                <!---->\n                <div data-colibri-id=\"2-c11\" class=\"h-text h-text-component style-237 style-local-2-c11 position-relative h-element\">\n                  <!---->\n                  <!---->\n                  <div class=\"\">\n                    <p>Merci \u00e0 vous tous pour votre participation&#8230;.<\/p>\n                  <\/div>\n                <\/div>\n                <div data-colibri-id=\"2-c12\" class=\"h-text h-text-component style-242 style-local-2-c12 position-relative h-element\">\n                  <!---->\n                  <!---->\n                  <div class=\"\">\n                    <p>Am\u00e9, Anna, Anne, Yvan, Isa, C\u00e9cile, Boris, Ga\u00eblle, Camille, Selma, Juliette, Sab, Sarah, Mat, L\u00e6titia, Violaine, Dom, Nico, J1, Julien, Romain, G\u00e9raldine, Fanny, \u00c9lise, Estelle, C\u00e9line, Vanessa, Mathieu, Marthe, Robi, Antoine, Rosario,\n                      Esteban, B\u00e9n\u00e9dict, Marianne, Caro, Lucie, Bernard, Catherine, Coraline, Marius, Tom, Louise, Christian, Simon, Paulo, Paul, Odile, Eric, Pauline, Thomas, Max,Vincent, Marion, S\u00e9bastien, Chlo\u00e9, Marie(s), Low, Fabien, Barbara, Nicolas,\n                      L\u00e9a, Ga\u00eblle, \u00c9tienne, Gwen, Julien, J\u00e9r\u00f4me, Philippe, Jean-Pierre, Lo\u00efc, Guillaume et tous les autres &#8230;<\/p>\n                  <\/div>\n                <\/div>\n              <\/div>\n            <\/div>\n          <\/div>\n        <\/div>\n      <\/div>\n    <\/div>\n  <\/div>\n<\/div>","protected":false},"excerpt":{"rendered":"<p>L&rsquo;association CHAPEAU aspire \u00e0 cr\u00e9er, mettre en place, am\u00e9nager et g\u00e9rer des lieux \u00e0 activit\u00e9s sociales, artistiques, culturelles.Chantiers participatifs, chantiers p\u00e9dagogiques, ateliers, ateliers cr\u00e9atifs, stages,conf\u00e9rences constituent sa bo\u00eete \u00e0 outils. Merci \u00e0 vous tous pour votre participation&#8230;. Am\u00e9, Anna, Anne, Yvan, Isa, C\u00e9cile, Boris, Ga\u00eblle, Camille, Selma, Juliette, Sab, Sarah, Mat, L\u00e6titia, Violaine, Dom, Nico, [&hellip;]<\/p>\n","protected":false},"author":1,"featured_media":0,"parent":0,"menu_order":0,"comment_status":"closed","ping_status":"open","template":"page-templates\/full-width-page.php","meta":{"footnotes":""},"class_list":["post-2","page","type-page","status-publish","hentry"],"_links":{"self":[{"href":"https:\/\/chapeau.withar.org\/index.php?rest_route=\/wp\/v2\/pages\/2","targetHints":{"allow":["GET"]}}],"collection":[{"href":"https:\/\/chapeau.withar.org\/index.php?rest_route=\/wp\/v2\/pages"}],"about":[{"href":"https:\/\/chapeau.withar.org\/index.php?rest_route=\/wp\/v2\/types\/page"}],"author":[{"embeddable":true,"href":"https:\/\/chapeau.withar.org\/index.php?rest_route=\/wp\/v2\/users\/1"}],"replies":[{"embeddable":true,"href":"https:\/\/chapeau.withar.org\/index.php?rest_route=%2Fwp%2Fv2%2Fcomments&post=2"}],"version-history":[{"count":7,"href":"https:\/\/chapeau.withar.org\/index.php?rest_route=\/wp\/v2\/pages\/2\/revisions"}],"predecessor-version":[{"id":454,"href":"https:\/\/chapeau.withar.org\/index.php?rest_route=\/wp\/v2\/pages\/2\/revisions\/454"}],"wp:attachment":[{"href":"https:\/\/chapeau.withar.org\/index.php?rest_route=%2Fwp%2Fv2%2Fmedia&parent=2"}],"curies":[{"name":"wp","href":"https:\/\/api.w.org\/{rel}","templated":true}]}}